{"id":8,"date":"2014-10-13T16:46:27","date_gmt":"2014-10-13T16:46:27","guid":{"rendered":"http:\/\/www.brandexponents.com\/oshin\/v11\/?page_id=8"},"modified":"2024-11-01T10:55:01","modified_gmt":"2024-11-01T09:55:01","slug":"home-2","status":"publish","type":"page","link":"https:\/\/imkerverein-wilnsdorf.de\/","title":{"rendered":"Startseite"},"content":{"rendered":"<div  class=\"tatsu-fqpfj4gsxn97679u tatsu-section    tatsu-clearfix\" data-title=\"\"  data-headerscheme=\"background--light\"><div class='tatsu-section-pad clearfix' data-padding='{\"d\":\"30px 0% 30px 0%\"}' data-padding-top='30px'><div class=\"tatsu-row-wrap  tatsu-wrap tatsu-row-one-col tatsu-row-has-one-cols tatsu-medium-gutter tatsu-reg-cols  tatsu-clearfix tatsu-fqpfj4gsy1403jbu\" ><div  class=\"tatsu-row \" ><div  class=\"tatsu-column  tatsu-column-no-bg tatsu-one-col tatsu-column-image-none tatsu-column-effect-none  tatsu-fqpfj4gsy76zqqqn\"  data-parallax-speed=\"0\" style=\"\"><div class=\"tatsu-column-inner \" ><div class=\"tatsu-column-pad-wrap\"><div class=\"tatsu-column-pad\" ><div  class=\"special-heading-wrap style1 oshine-module  tatsu-fqpfj4gsycetqhk2  \" ><div class=\"special-heading align-center\"><h3 class=\"special-h-tag\" >Imkerverein Wilnsdorf<\/h3><div class=\"sub-title margin-bottom \">\n<p>Die Imkerei im Siegerland hat eine lange Tradition und unser Imkerverein Wilnsdorf blickt mittlerweile auf eine \u00fcber 100 j\u00e4hrige Vereinsgeschichte zur\u00fcck.\u00a0Wir w\u00fcrden uns freuen, wenn Sie sich mit uns f\u00fcr die Bienenhaltung als \u00f6kologischen Beitrag oder als faszinierendes Hobby begeistern k\u00f6nnen.<\/p>\n<\/div><hr class=\"separator margin-bottom\" \/><\/div><style>.tatsu-fqpfj4gsycetqhk2 .sep-icon.oshine_diamond{background: #60c2d3;}.tatsu-fqpfj4gsycetqhk2 .separator{height: 4px;width: 40px;background: #e8e8e8;}<\/style><\/div><\/div><\/div><div class = \"tatsu-column-bg-image-wrap\"><div class = \"tatsu-column-bg-image\" ><\/div><\/div><\/div><style>.tatsu-row > .tatsu-fqpfj4gsy76zqqqn.tatsu-column{width: 100%;}.tatsu-fqpfj4gsy76zqqqn.tatsu-column > .tatsu-column-inner > .tatsu-column-overlay{mix-blend-mode: none;}.tatsu-fqpfj4gsy76zqqqn > .tatsu-column-inner > .tatsu-top-divider{z-index: 9999;}.tatsu-fqpfj4gsy76zqqqn > .tatsu-column-inner > .tatsu-bottom-divider{z-index: 9999;}.tatsu-fqpfj4gsy76zqqqn > .tatsu-column-inner > .tatsu-left-divider{z-index: 9999;}.tatsu-fqpfj4gsy76zqqqn > .tatsu-column-inner > .tatsu-right-divider{z-index: 9999;}<\/style><\/div><\/div><\/div><div class=\"tatsu-row-wrap  tatsu-wrap tatsu-row-has-three-cols tatsu-medium-gutter tatsu-reg-cols  tatsu-clearfix tatsu-fqpfj4gt0zajmfox\" ><div  class=\"tatsu-row \" ><div  class=\"tatsu-column  tatsu-column-no-bg tatsu-one-third tatsu-column-image-none tatsu-column-effect-none  tatsu-fqpfj4gt163xfy1b\"  data-parallax-speed=\"0\" style=\"\"><div class=\"tatsu-column-inner \" ><div class=\"tatsu-column-pad-wrap\"><div class=\"tatsu-column-pad\" ><div  class=\"tatsu-module tatsu-text-block-wrap tatsu-fqpfj4gt1tbsp302  \"><div class=\"tatsu-text-inner   clearfix\" ><style>.tatsu-fqpfj4gt1tbsp302.tatsu-text-block-wrap .tatsu-text-inner{width: 100%;text-align: left;}<\/style>\n<p><img decoding=\"async\" loading=\"lazy\" class=\"lp-image-teaser alignleft wp-image-3624 size-full\" src=\"http:\/\/imkerverein-wilnsdorf.de\/wp-content\/uploads\/2018\/12\/IMG_7905.jpg\" alt=\"\" width=\"250\" height=\"162\" srcset=\"https:\/\/imkerverein-wilnsdorf.de\/wp-content\/uploads\/2018\/12\/IMG_7905.jpg 250w, https:\/\/imkerverein-wilnsdorf.de\/wp-content\/uploads\/2018\/12\/IMG_7905-77x50.jpg 77w, https:\/\/imkerverein-wilnsdorf.de\/wp-content\/uploads\/2018\/12\/IMG_7905-50x32.jpg 50w\" sizes=\"(max-width: 250px) 100vw, 250px\" \/><\/p>\n<h5 style=\"text-align: left;\"><strong>Lehrbienenstand<\/strong><\/h5>\n<p style=\"text-align: left;\">Unter der Anleitung von erfahrenen Imkern werden neue Vereinsmitglieder an das spannende Thema Bienen herangef\u00fchrt. Hierzu treffen wir uns in der Saison jeden Samstag an unserem Lehrbienenstand in Anzhausen.<\/p>\n<p style=\"text-align: left;\"><a href=\"\/?page_id=3661\" rel=\"noopener noreferrer\">mehr Infos -><\/a><\/p>\n<\/div><\/div><\/div><\/div><div class = \"tatsu-column-bg-image-wrap\"><div class = \"tatsu-column-bg-image\" ><\/div><\/div><\/div><style>.tatsu-row > .tatsu-fqpfj4gt163xfy1b.tatsu-column{width: 33.33%;}.tatsu-fqpfj4gt163xfy1b.tatsu-column > .tatsu-column-inner > .tatsu-column-pad-wrap > .tatsu-column-pad{padding: 0% 0% 0% 0%;}.tatsu-fqpfj4gt163xfy1b.tatsu-column > .tatsu-column-inner > .tatsu-column-overlay{mix-blend-mode: none;}.tatsu-fqpfj4gt163xfy1b > .tatsu-column-inner > .tatsu-top-divider{z-index: 9999;}.tatsu-fqpfj4gt163xfy1b > .tatsu-column-inner > .tatsu-bottom-divider{z-index: 9999;}.tatsu-fqpfj4gt163xfy1b > .tatsu-column-inner > .tatsu-left-divider{z-index: 9999;}.tatsu-fqpfj4gt163xfy1b > .tatsu-column-inner > .tatsu-right-divider{z-index: 9999;}@media only screen and (max-width: 767px) {.tatsu-row > .tatsu-fqpfj4gt163xfy1b.tatsu-column{width: 100%;}}<\/style><\/div><div  class=\"tatsu-column  tatsu-column-no-bg tatsu-one-third tatsu-column-image-none tatsu-column-effect-none  tatsu-fqpfj4gt4vdpje04\"  data-parallax-speed=\"0\" style=\"\"><div class=\"tatsu-column-inner \" ><div class=\"tatsu-column-pad-wrap\"><div class=\"tatsu-column-pad\" ><div  class=\"tatsu-module tatsu-text-block-wrap tatsu-fqpfj4gt584novxv  \"><div class=\"tatsu-text-inner   clearfix\" ><style>.tatsu-fqpfj4gt584novxv.tatsu-text-block-wrap .tatsu-text-inner{width: 100%;text-align: left;}<\/style>\n<p><img decoding=\"async\" loading=\"lazy\" class=\"alignnone size-full wp-image-3943\" src=\"http:\/\/test.imkerverein-wilnsdorf.de\/wp-content\/uploads\/2018\/12\/IMG_0413.jpg\" alt=\"\" width=\"250\" height=\"165\" srcset=\"https:\/\/imkerverein-wilnsdorf.de\/wp-content\/uploads\/2018\/12\/IMG_0413.jpg 250w, https:\/\/imkerverein-wilnsdorf.de\/wp-content\/uploads\/2018\/12\/IMG_0413-76x50.jpg 76w, https:\/\/imkerverein-wilnsdorf.de\/wp-content\/uploads\/2018\/12\/IMG_0413-50x33.jpg 50w\" sizes=\"(max-width: 250px) 100vw, 250px\" \/><\/p>\n<h5 style=\"text-align: left;\"><strong>Termine<\/strong><\/h5>\n<div id='1' class='widgets_on_page wop_tiny1  wop_small1  wop_medium1  wop_large1  wop_wide1'>\n\t\t\t<ul><li id=\"ai1ec_agenda_widget-2\" class=\"widget widget_ai1ec_agenda_widget\">\n\n\n<style>\n<!--\n\n-->\n<\/style>\n<div class=\"timely ai1ec-agenda-widget-view ai1ec-clearfix\">\n\n\t\t\t<div>\n\t\t\t\t\t\t\t\t\t\t\t\t\t<div class=\"ai1ec-date\n\t\t\t\t\t\">\n\t\t\t\t\t<a class=\"ai1ec-date-title ai1ec-load-view\"\n\t\t\t\t\t\thref=\"https&#x3A;&#x2F;&#x2F;imkerverein-wilnsdorf.de&#x2F;&#x3F;page_id&#x3D;3764&amp;ai1ec&#x3D;action&#x7E;oneday&#x7C;exact_date&#x7E;25-4-2026\">\n\t\t\t\t\t\t<div class=\"ai1ec-month\">Apr.<\/div>\n\t\t\t\t\t\t<div class=\"ai1ec-day\">25<\/div>\n\t\t\t\t\t\t<div class=\"ai1ec-weekday\">Sa.<\/div>\n\t\t\t\t\t\t\t\t\t\t\t<\/a>\n\t\t\t\t\t<div class=\"ai1ec-date-events\">\n\t\t\t\t\t\t\t\t\t\t\t\t\t \t\t\t\t\t\t\t\t\t\t\t\t\t\t\t\t\t\t\t\t\t<div class=\"ai1ec-event\n\t\t\t\t\t\t\t\t\tai1ec-event-id-3970\n\t\t\t\t\t\t\t\t\tai1ec-event-instance-id-146\n\t\t\t\t\t\t\t\t\t\">\n\n\t\t\t\t\t\t\t\t\t<a href=\"https&#x3A;&#x2F;&#x2F;imkerverein-wilnsdorf.de&#x2F;&#x3F;ai1ec_event&#x3D;lehrbienenstand-anzhausen&amp;instance_id&#x3D;146\"\n\t\t\t\t\t\t\t\t\t\tclass=\"ai1ec-popup-trigger ai1ec-load-event\">\n\t\t\t\t\t\t\t\t\t\t\t\t\t\t\t\t\t\t\t\t\t<span class=\"ai1ec-event-time\">\n\t\t\t\t\t\t\t\t\t\t\t\t17:00\n\t\t\t\t\t\t\t\t\t\t\t<\/span>\n\t\t\t\t\t\t\t\t\t\t\n\t\t\t\t\t\t\t\t\t\t<span class=\"ai1ec-event-title\">\n\t\t\t\t\t\t\t\t\t\t\tLehrbienenstand Anzhausen\n\t\t\t\t\t\t\t\t\t\t\t\t\t\t\t\t\t\t\t\t\t\t\t<span class=\"ai1ec-event-location\"\n\t\t\t\t\t\t\t\t\t\t\t\t\t>@ Lehrbienenstand Anzhausen<\/span>\n\t\t\t\t\t\t\t\t\t\t\t\t\t\t\t\t\t\t\t\t\t<\/span>\n\t\t\t\t\t\t\t\t\t<\/a>\n\n\t\t\t\t\t\t\t\t\t<div class=\"ai1ec-popover ai1ec-popup \n\tai1ec-event-instance-id-146\">\n\n\t\t\n\t<span class=\"ai1ec-popup-title\">\n\t\t<a href=\"https&#x3A;&#x2F;&#x2F;imkerverein-wilnsdorf.de&#x2F;&#x3F;ai1ec_event&#x3D;lehrbienenstand-anzhausen&amp;instance_id&#x3D;146\"\n\t\t   class=\"ai1ec-load-event\"\n\t\t\t>Lehrbienenstand Anzhausen<\/a>\n\t\t\t\t\t<span class=\"ai1ec-event-location\"\n\t\t\t\t>@ Lehrbienenstand Anzhausen<\/span>\n\t\t\t\t\t<\/span>\n\n\t\n\t<div class=\"ai1ec-event-time\">\n\t\t\t\t\tApr. 25 um 17:00 \u2013 18:30\n\t\t\t<\/div>\n\n\t\n\t\t\t<div class=\"ai1ec-popup-excerpt\">&nbsp;Weiterlesen<\/div>\n\t\n<\/div>\n\n\t\t\t\t\t\t\t\t<\/div>\n\t\t\t\t\t\t\t \t\t\t\t\t\t \t\t\t\t\t<\/div>\n\t\t\t\t<\/div>\n\t\t\t\t\t\t\t<div class=\"ai1ec-date\n\t\t\t\t\t\">\n\t\t\t\t\t<a class=\"ai1ec-date-title ai1ec-load-view\"\n\t\t\t\t\t\thref=\"https&#x3A;&#x2F;&#x2F;imkerverein-wilnsdorf.de&#x2F;&#x3F;page_id&#x3D;3764&amp;ai1ec&#x3D;action&#x7E;oneday&#x7C;exact_date&#x7E;2-5-2026\">\n\t\t\t\t\t\t<div class=\"ai1ec-month\">Mai<\/div>\n\t\t\t\t\t\t<div class=\"ai1ec-day\">2<\/div>\n\t\t\t\t\t\t<div class=\"ai1ec-weekday\">Sa.<\/div>\n\t\t\t\t\t\t\t\t\t\t\t<\/a>\n\t\t\t\t\t<div class=\"ai1ec-date-events\">\n\t\t\t\t\t\t\t\t\t\t\t\t\t \t\t\t\t\t\t\t\t\t\t\t\t\t\t\t\t\t\t\t\t\t<div class=\"ai1ec-event\n\t\t\t\t\t\t\t\t\tai1ec-event-id-3970\n\t\t\t\t\t\t\t\t\tai1ec-event-instance-id-147\n\t\t\t\t\t\t\t\t\t\">\n\n\t\t\t\t\t\t\t\t\t<a href=\"https&#x3A;&#x2F;&#x2F;imkerverein-wilnsdorf.de&#x2F;&#x3F;ai1ec_event&#x3D;lehrbienenstand-anzhausen&amp;instance_id&#x3D;147\"\n\t\t\t\t\t\t\t\t\t\tclass=\"ai1ec-popup-trigger ai1ec-load-event\">\n\t\t\t\t\t\t\t\t\t\t\t\t\t\t\t\t\t\t\t\t\t<span class=\"ai1ec-event-time\">\n\t\t\t\t\t\t\t\t\t\t\t\t17:00\n\t\t\t\t\t\t\t\t\t\t\t<\/span>\n\t\t\t\t\t\t\t\t\t\t\n\t\t\t\t\t\t\t\t\t\t<span class=\"ai1ec-event-title\">\n\t\t\t\t\t\t\t\t\t\t\tLehrbienenstand Anzhausen\n\t\t\t\t\t\t\t\t\t\t\t\t\t\t\t\t\t\t\t\t\t\t\t<span class=\"ai1ec-event-location\"\n\t\t\t\t\t\t\t\t\t\t\t\t\t>@ Lehrbienenstand Anzhausen<\/span>\n\t\t\t\t\t\t\t\t\t\t\t\t\t\t\t\t\t\t\t\t\t<\/span>\n\t\t\t\t\t\t\t\t\t<\/a>\n\n\t\t\t\t\t\t\t\t\t<div class=\"ai1ec-popover ai1ec-popup \n\tai1ec-event-instance-id-147\">\n\n\t\t\n\t<span class=\"ai1ec-popup-title\">\n\t\t<a href=\"https&#x3A;&#x2F;&#x2F;imkerverein-wilnsdorf.de&#x2F;&#x3F;ai1ec_event&#x3D;lehrbienenstand-anzhausen&amp;instance_id&#x3D;147\"\n\t\t   class=\"ai1ec-load-event\"\n\t\t\t>Lehrbienenstand Anzhausen<\/a>\n\t\t\t\t\t<span class=\"ai1ec-event-location\"\n\t\t\t\t>@ Lehrbienenstand Anzhausen<\/span>\n\t\t\t\t\t<\/span>\n\n\t\n\t<div class=\"ai1ec-event-time\">\n\t\t\t\t\tMai 2 um 17:00 \u2013 18:30\n\t\t\t<\/div>\n\n\t\n\t\t\t<div class=\"ai1ec-popup-excerpt\">&nbsp;Weiterlesen<\/div>\n\t\n<\/div>\n\n\t\t\t\t\t\t\t\t<\/div>\n\t\t\t\t\t\t\t \t\t\t\t\t\t \t\t\t\t\t<\/div>\n\t\t\t\t<\/div>\n\t\t\t\t\t\t\t<div class=\"ai1ec-date\n\t\t\t\t\t\">\n\t\t\t\t\t<a class=\"ai1ec-date-title ai1ec-load-view\"\n\t\t\t\t\t\thref=\"https&#x3A;&#x2F;&#x2F;imkerverein-wilnsdorf.de&#x2F;&#x3F;page_id&#x3D;3764&amp;ai1ec&#x3D;action&#x7E;oneday&#x7C;exact_date&#x7E;9-5-2026\">\n\t\t\t\t\t\t<div class=\"ai1ec-month\">Mai<\/div>\n\t\t\t\t\t\t<div class=\"ai1ec-day\">9<\/div>\n\t\t\t\t\t\t<div class=\"ai1ec-weekday\">Sa.<\/div>\n\t\t\t\t\t\t\t\t\t\t\t<\/a>\n\t\t\t\t\t<div class=\"ai1ec-date-events\">\n\t\t\t\t\t\t\t\t\t\t\t\t\t \t\t\t\t\t\t\t\t\t\t\t\t\t\t\t\t\t\t\t\t\t<div class=\"ai1ec-event\n\t\t\t\t\t\t\t\t\tai1ec-event-id-3970\n\t\t\t\t\t\t\t\t\tai1ec-event-instance-id-148\n\t\t\t\t\t\t\t\t\t\">\n\n\t\t\t\t\t\t\t\t\t<a href=\"https&#x3A;&#x2F;&#x2F;imkerverein-wilnsdorf.de&#x2F;&#x3F;ai1ec_event&#x3D;lehrbienenstand-anzhausen&amp;instance_id&#x3D;148\"\n\t\t\t\t\t\t\t\t\t\tclass=\"ai1ec-popup-trigger ai1ec-load-event\">\n\t\t\t\t\t\t\t\t\t\t\t\t\t\t\t\t\t\t\t\t\t<span class=\"ai1ec-event-time\">\n\t\t\t\t\t\t\t\t\t\t\t\t17:00\n\t\t\t\t\t\t\t\t\t\t\t<\/span>\n\t\t\t\t\t\t\t\t\t\t\n\t\t\t\t\t\t\t\t\t\t<span class=\"ai1ec-event-title\">\n\t\t\t\t\t\t\t\t\t\t\tLehrbienenstand Anzhausen\n\t\t\t\t\t\t\t\t\t\t\t\t\t\t\t\t\t\t\t\t\t\t\t<span class=\"ai1ec-event-location\"\n\t\t\t\t\t\t\t\t\t\t\t\t\t>@ Lehrbienenstand Anzhausen<\/span>\n\t\t\t\t\t\t\t\t\t\t\t\t\t\t\t\t\t\t\t\t\t<\/span>\n\t\t\t\t\t\t\t\t\t<\/a>\n\n\t\t\t\t\t\t\t\t\t<div class=\"ai1ec-popover ai1ec-popup \n\tai1ec-event-instance-id-148\">\n\n\t\t\n\t<span class=\"ai1ec-popup-title\">\n\t\t<a href=\"https&#x3A;&#x2F;&#x2F;imkerverein-wilnsdorf.de&#x2F;&#x3F;ai1ec_event&#x3D;lehrbienenstand-anzhausen&amp;instance_id&#x3D;148\"\n\t\t   class=\"ai1ec-load-event\"\n\t\t\t>Lehrbienenstand Anzhausen<\/a>\n\t\t\t\t\t<span class=\"ai1ec-event-location\"\n\t\t\t\t>@ Lehrbienenstand Anzhausen<\/span>\n\t\t\t\t\t<\/span>\n\n\t\n\t<div class=\"ai1ec-event-time\">\n\t\t\t\t\tMai 9 um 17:00 \u2013 18:30\n\t\t\t<\/div>\n\n\t\n\t\t\t<div class=\"ai1ec-popup-excerpt\">&nbsp;Weiterlesen<\/div>\n\t\n<\/div>\n\n\t\t\t\t\t\t\t\t<\/div>\n\t\t\t\t\t\t\t \t\t\t\t\t\t \t\t\t\t\t<\/div>\n\t\t\t\t<\/div>\n\t\t\t \t\t<\/div>\n\t \n\t \n<\/div>\n\n\n\n<\/li><\/ul><\/div><!-- widgets_on_page -->\n<p><a href=\"\/?page_id=3764\" rel=\"noopener noreferrer\">Kalender -&gt;<\/a><\/p>\n<\/div><\/div><\/div><\/div><div class = \"tatsu-column-bg-image-wrap\"><div class = \"tatsu-column-bg-image\" ><\/div><\/div><\/div><style>.tatsu-row > .tatsu-fqpfj4gt4vdpje04.tatsu-column{width: 33.33%;}.tatsu-fqpfj4gt4vdpje04.tatsu-column > .tatsu-column-inner > .tatsu-column-pad-wrap > .tatsu-column-pad{padding: 0% 0% 0% 0%;}.tatsu-fqpfj4gt4vdpje04.tatsu-column > .tatsu-column-inner > .tatsu-column-overlay{mix-blend-mode: none;}.tatsu-fqpfj4gt4vdpje04 > .tatsu-column-inner > .tatsu-top-divider{z-index: 9999;}.tatsu-fqpfj4gt4vdpje04 > .tatsu-column-inner > .tatsu-bottom-divider{z-index: 9999;}.tatsu-fqpfj4gt4vdpje04 > .tatsu-column-inner > .tatsu-left-divider{z-index: 9999;}.tatsu-fqpfj4gt4vdpje04 > .tatsu-column-inner > .tatsu-right-divider{z-index: 9999;}@media only screen and (max-width: 767px) {.tatsu-row > .tatsu-fqpfj4gt4vdpje04.tatsu-column{width: 100%;}}<\/style><\/div><div  class=\"tatsu-column  tatsu-column-no-bg tatsu-one-third tatsu-column-image-none tatsu-column-effect-none  tatsu-fqpfj4gt8ib7p70g\"  data-parallax-speed=\"0\" style=\"\"><div class=\"tatsu-column-inner \" ><div class=\"tatsu-column-pad-wrap\"><div class=\"tatsu-column-pad\" ><div  class=\"tatsu-module tatsu-text-block-wrap tatsu-fqpfj4gt8u79jj22  \"><div class=\"tatsu-text-inner   clearfix\" ><style>.tatsu-fqpfj4gt8u79jj22.tatsu-text-block-wrap .tatsu-text-inner{text-align: left;}<\/style>\n<h5><img decoding=\"async\" loading=\"lazy\" class=\"alignnone size-full wp-image-4036\" src=\"https:\/\/imkerverein-wilnsdorf.de\/wp-content\/uploads\/2024\/11\/20241026_151948-2.jpg\" alt=\"\" width=\"250\" height=\"162\" \/><\/h5>\n<h5 style=\"text-align: left;\"><strong>Vereins-Neuigkeiten<\/strong><\/h5>\n<p>Mit vereinten Kr\u00e4ften haben wir unseren Lehrbienenstand in Anzhausen um vier Obstb\u00e4ume, einen Zierapfelstrauch sowie 1.000 Krokusse, Schneegl\u00f6ckchen und weitere Fr\u00fchbl\u00fcher erweitert. <br \/><a href=\"https:\/\/imkerverein-wilnsdorf.de\/?p=4023\">weiter zu den Vereins-Neuigkeiten -&gt;<\/a><\/p>\n<\/div><\/div><\/div><\/div><div class = \"tatsu-column-bg-image-wrap\"><div class = \"tatsu-column-bg-image\" ><\/div><\/div><\/div><style>.tatsu-row > .tatsu-fqpfj4gt8ib7p70g.tatsu-column{width: 33.33%;}.tatsu-fqpfj4gt8ib7p70g.tatsu-column > .tatsu-column-inner > .tatsu-column-pad-wrap > .tatsu-column-pad{padding: 0% 0% 0% 0%;}.tatsu-fqpfj4gt8ib7p70g.tatsu-column > .tatsu-column-inner > .tatsu-column-overlay{mix-blend-mode: none;}.tatsu-fqpfj4gt8ib7p70g > .tatsu-column-inner > .tatsu-top-divider{z-index: 9999;}.tatsu-fqpfj4gt8ib7p70g > .tatsu-column-inner > .tatsu-bottom-divider{z-index: 9999;}.tatsu-fqpfj4gt8ib7p70g > .tatsu-column-inner > .tatsu-left-divider{z-index: 9999;}.tatsu-fqpfj4gt8ib7p70g > .tatsu-column-inner > .tatsu-right-divider{z-index: 9999;}@media only screen and (max-width: 767px) {.tatsu-row > .tatsu-fqpfj4gt8ib7p70g.tatsu-column{width: 100%;}}<\/style><\/div><\/div><\/div><\/div><div class=\"tatsu-section-background-wrap\"><div class = \"tatsu-section-background\" ><\/div><\/div><style>.tatsu-fqpfj4gsxn97679u.tatsu-section{background-color: #f8f8f9;}.tatsu-fqpfj4gsxn97679u{border-width: 0px 0px px 0px;border-style: solid;}.tatsu-fqpfj4gsxn97679u .tatsu-section-pad{padding: 30px 0% 30px 0%;}.tatsu-fqpfj4gsxn97679u > .tatsu-bottom-divider{z-index: 9999;}.tatsu-fqpfj4gsxn97679u > .tatsu-top-divider{z-index: 9999;}<\/style><\/div><div  class=\"tatsu-fqpfj4guo529q8ir tatsu-section    tatsu-clearfix\" data-title=\"\"  data-headerscheme=\"background--light\"><div class='tatsu-section-pad clearfix' data-padding='{\"d\":\"20px 0% 20px 0%\"}' data-padding-top='20px'><div class=\"tatsu-row-wrap  tatsu-row-full-width tatsu-row-one-col tatsu-row-has-one-cols tatsu-medium-gutter tatsu-reg-cols  tatsu-clearfix tatsu-fqpfj4guomc0jij6\" ><div  class=\"tatsu-row \" ><div  class=\"tatsu-column  tatsu-column-no-bg tatsu-column-empty tatsu-one-col tatsu-column-image-none tatsu-column-effect-none  tatsu-fqpfj4guou1qdctd\"  data-parallax-speed=\"0\" style=\"\"><div class=\"tatsu-column-inner \" ><div class=\"tatsu-column-pad-wrap\"><div class=\"tatsu-column-pad\" ><\/div><\/div><div class = \"tatsu-column-bg-image-wrap\"><div class = \"tatsu-column-bg-image\" ><\/div><\/div><\/div><style>.tatsu-row > .tatsu-fqpfj4guou1qdctd.tatsu-column{width: 100%;}.tatsu-fqpfj4guou1qdctd.tatsu-column > .tatsu-column-inner > .tatsu-column-overlay{mix-blend-mode: none;}.tatsu-fqpfj4guou1qdctd > .tatsu-column-inner > .tatsu-top-divider{z-index: 9999;}.tatsu-fqpfj4guou1qdctd > .tatsu-column-inner > .tatsu-bottom-divider{z-index: 9999;}.tatsu-fqpfj4guou1qdctd > .tatsu-column-inner > .tatsu-left-divider{z-index: 9999;}.tatsu-fqpfj4guou1qdctd > .tatsu-column-inner > .tatsu-right-divider{z-index: 9999;}<\/style><\/div><\/div><\/div><\/div><div class=\"tatsu-section-background-wrap\"><div class = \"tatsu-section-background\" ><\/div><\/div><style>.tatsu-fqpfj4guo529q8ir.tatsu-section{background-color: #e0a240;}.tatsu-fqpfj4guo529q8ir{border-width: 0px 0px px 0px;border-style: solid;}.tatsu-fqpfj4guo529q8ir .tatsu-section-pad{padding: 20px 0% 20px 0%;}.tatsu-fqpfj4guo529q8ir > .tatsu-bottom-divider{z-index: 9999;}.tatsu-fqpfj4guo529q8ir > .tatsu-top-divider{z-index: 9999;}<\/style><\/div>\n","protected":false},"excerpt":{"rendered":"<p><a href=\"https:\/\/imkerverein-wilnsdorf.de\/\" class=\"more-link style1-button\">Weiterlesen<\/a><\/p>\n","protected":false},"author":1,"featured_media":0,"parent":0,"menu_order":0,"comment_status":"open","ping_status":"closed","template":"","meta":[],"_links":{"self":[{"href":"https:\/\/imkerverein-wilnsdorf.de\/index.php?rest_route=\/wp\/v2\/pages\/8"}],"collection":[{"href":"https:\/\/imkerverein-wilnsdorf.de\/index.php?rest_route=\/wp\/v2\/pages"}],"about":[{"href":"https:\/\/imkerverein-wilnsdorf.de\/index.php?rest_route=\/wp\/v2\/types\/page"}],"author":[{"embeddable":true,"href":"https:\/\/imkerverein-wilnsdorf.de\/index.php?rest_route=\/wp\/v2\/users\/1"}],"replies":[{"embeddable":true,"href":"https:\/\/imkerverein-wilnsdorf.de\/index.php?rest_route=%2Fwp%2Fv2%2Fcomments&post=8"}],"version-history":[{"count":59,"href":"https:\/\/imkerverein-wilnsdorf.de\/index.php?rest_route=\/wp\/v2\/pages\/8\/revisions"}],"predecessor-version":[{"id":4148,"href":"https:\/\/imkerverein-wilnsdorf.de\/index.php?rest_route=\/wp\/v2\/pages\/8\/revisions\/4148"}],"wp:attachment":[{"href":"https:\/\/imkerverein-wilnsdorf.de\/index.php?rest_route=%2Fwp%2Fv2%2Fmedia&parent=8"}],"curies":[{"name":"wp","href":"https:\/\/api.w.org\/{rel}","templated":true}]}}