{"id":3743,"date":"2018-12-18T08:06:19","date_gmt":"2018-12-18T08:06:19","guid":{"rendered":"https:\/\/imkerverein.haubenschild.de\/?page_id=3743"},"modified":"2018-12-18T08:10:56","modified_gmt":"2018-12-18T08:10:56","slug":"stockkarte-zum-download","status":"publish","type":"page","link":"https:\/\/imkerverein-wilnsdorf.de\/?page_id=3743","title":{"rendered":"Stockkarte zum Download"},"content":{"rendered":"\n<div class=\"wp-block-image\"><figure class=\"alignleft is-resized\"><img decoding=\"async\" loading=\"lazy\" src=\"http:\/\/test.imkerverein-wilnsdorf.de\/wp-content\/uploads\/2018\/12\/Screenshot-at-Aug.-29-18-30-17-718x1024.png\" alt=\"\" class=\"wp-image-3746\" width=\"359\" height=\"512\" srcset=\"https:\/\/imkerverein-wilnsdorf.de\/wp-content\/uploads\/2018\/12\/Screenshot-at-Aug.-29-18-30-17-718x1024.png 718w, https:\/\/imkerverein-wilnsdorf.de\/wp-content\/uploads\/2018\/12\/Screenshot-at-Aug.-29-18-30-17-210x300.png 210w, https:\/\/imkerverein-wilnsdorf.de\/wp-content\/uploads\/2018\/12\/Screenshot-at-Aug.-29-18-30-17-768x1095.png 768w, https:\/\/imkerverein-wilnsdorf.de\/wp-content\/uploads\/2018\/12\/Screenshot-at-Aug.-29-18-30-17-35x50.png 35w, https:\/\/imkerverein-wilnsdorf.de\/wp-content\/uploads\/2018\/12\/Screenshot-at-Aug.-29-18-30-17-650x927.png 650w, https:\/\/imkerverein-wilnsdorf.de\/wp-content\/uploads\/2018\/12\/Screenshot-at-Aug.-29-18-30-17-50x71.png 50w, https:\/\/imkerverein-wilnsdorf.de\/wp-content\/uploads\/2018\/12\/Screenshot-at-Aug.-29-18-30-17.png 896w\" sizes=\"(max-width: 359px) 100vw, 359px\" \/><\/figure><\/div>\n\n\n\n<p>Damit der Imker einen guten \u00dcberblick \u00fcber die geleisteten Arbeiten am Volk beh\u00e4lt, kann man in so genannte Stockkarten alle ausgef\u00fchrten Arbeiten eintragen.<\/p>\n\n\n\n<p>Hier gibts die Stockkarte als kostenlosen\u00a0<a rel=\"noreferrer noopener\" aria-label=\"Hier gibts die Stockkarte als kostenlosen\u00a0Download (PDF). Die Karte ist schnell ausgef\u00fcllt und zeigt alle Daten, die im Bienenjahr wichtig sind. (opens in a new tab)\" href=\"\/wp-content\/uploads\/2018\/12\/Magazinkarte.pdf\" target=\"_blank\">Download (PDF)<\/a>. Die Karte ist schnell ausgef\u00fcllt und zeigt alle Daten, die im Bienenjahr wichtig sind.<\/p>\n","protected":false},"excerpt":{"rendered":"<p>Damit der Imker einen guten \u00dcberblick \u00fcber die geleisteten Arbeiten am Volk beh\u00e4lt, kann man in so genannte Stockkarten alle ausgef\u00fchrten Arbeiten eintragen. Hier gibts die Stockkarte als kostenlosen\u00a0Download (PDF). [&hellip;]<\/p>\n<p><a href=\"https:\/\/imkerverein-wilnsdorf.de\/?page_id=3743\" class=\"more-link style1-button\">Weiterlesen<\/a><\/p>\n","protected":false},"author":1,"featured_media":0,"parent":3729,"menu_order":0,"comment_status":"closed","ping_status":"closed","template":"","meta":[],"_links":{"self":[{"href":"https:\/\/imkerverein-wilnsdorf.de\/index.php?rest_route=\/wp\/v2\/pages\/3743"}],"collection":[{"href":"https:\/\/imkerverein-wilnsdorf.de\/index.php?rest_route=\/wp\/v2\/pages"}],"about":[{"href":"https:\/\/imkerverein-wilnsdorf.de\/index.php?rest_route=\/wp\/v2\/types\/page"}],"author":[{"embeddable":true,"href":"https:\/\/imkerverein-wilnsdorf.de\/index.php?rest_route=\/wp\/v2\/users\/1"}],"replies":[{"embeddable":true,"href":"https:\/\/imkerverein-wilnsdorf.de\/index.php?rest_route=%2Fwp%2Fv2%2Fcomments&post=3743"}],"version-history":[{"count":4,"href":"https:\/\/imkerverein-wilnsdorf.de\/index.php?rest_route=\/wp\/v2\/pages\/3743\/revisions"}],"predecessor-version":[{"id":3751,"href":"https:\/\/imkerverein-wilnsdorf.de\/index.php?rest_route=\/wp\/v2\/pages\/3743\/revisions\/3751"}],"up":[{"embeddable":true,"href":"https:\/\/imkerverein-wilnsdorf.de\/index.php?rest_route=\/wp\/v2\/pages\/3729"}],"wp:attachment":[{"href":"https:\/\/imkerverein-wilnsdorf.de\/index.php?rest_route=%2Fwp%2Fv2%2Fmedia&parent=3743"}],"curies":[{"name":"wp","href":"https:\/\/api.w.org\/{rel}","templated":true}]}}