{"id":3736,"date":"2018-12-18T08:00:45","date_gmt":"2018-12-18T08:00:45","guid":{"rendered":"https:\/\/imkerverein.haubenschild.de\/?page_id=3736"},"modified":"2018-12-18T08:00:48","modified_gmt":"2018-12-18T08:00:48","slug":"grundausstattung-eines-imkers","status":"publish","type":"page","link":"https:\/\/imkerverein-wilnsdorf.de\/?page_id=3736","title":{"rendered":"Grundausstattung eines Imkers"},"content":{"rendered":"\n<p>Gerade wenn man als Neuling sich dem Thema Imkern n\u00e4hert, fragt man sich, was man f\u00fcr einen Einstieg in das faszinierende Hobby wirklich ben\u00f6tigt, und welche &#8222;Goodies&#8220; eher unter dem Thema &#8222;Sch\u00f6ner Wohnen&#8220; anzusiedeln sind.<\/p>\n\n\n\n<p><strong>Als minimale Grundausstattung sollte man sich folgendes zu legen:<\/strong><\/p>\n\n\n\n<ol><li>Stockmei\u00dfel<\/li><li>Stichschutz &#8211; der klassische Imkerhut mit Schleier<\/li><li>Handschuhe<\/li><li>Bienenabkehrbesen<\/li><li>Smoker (oft tut es aber auch ein einfacher Wasserzerst\u00e4uber im 1\u20ac-Shop)<\/li><\/ol>\n\n\n\n<p><strong>Je Bienenvolk wird dann noch folgendes ben\u00f6tigt:<\/strong><\/p>\n\n\n\n<ol><li>1x Boden + 1x Deckel<\/li><li>4 Zargen<\/li><li>ca. 40 R\u00e4hmchen (je nach Beute)<\/li><li>3 kg Mittelw\u00e4nde<\/li><li>ein Absperrgitter<\/li><\/ol>\n","protected":false},"excerpt":{"rendered":"<p>Gerade wenn man als Neuling sich dem Thema Imkern n\u00e4hert, fragt man sich, was man f\u00fcr einen Einstieg in das faszinierende Hobby wirklich ben\u00f6tigt, und welche &#8222;Goodies&#8220; eher unter dem [&hellip;]<\/p>\n<p><a href=\"https:\/\/imkerverein-wilnsdorf.de\/?page_id=3736\" class=\"more-link style1-button\">Weiterlesen<\/a><\/p>\n","protected":false},"author":1,"featured_media":0,"parent":3729,"menu_order":0,"comment_status":"closed","ping_status":"closed","template":"","meta":[],"_links":{"self":[{"href":"https:\/\/imkerverein-wilnsdorf.de\/index.php?rest_route=\/wp\/v2\/pages\/3736"}],"collection":[{"href":"https:\/\/imkerverein-wilnsdorf.de\/index.php?rest_route=\/wp\/v2\/pages"}],"about":[{"href":"https:\/\/imkerverein-wilnsdorf.de\/index.php?rest_route=\/wp\/v2\/types\/page"}],"author":[{"embeddable":true,"href":"https:\/\/imkerverein-wilnsdorf.de\/index.php?rest_route=\/wp\/v2\/users\/1"}],"replies":[{"embeddable":true,"href":"https:\/\/imkerverein-wilnsdorf.de\/index.php?rest_route=%2Fwp%2Fv2%2Fcomments&post=3736"}],"version-history":[{"count":1,"href":"https:\/\/imkerverein-wilnsdorf.de\/index.php?rest_route=\/wp\/v2\/pages\/3736\/revisions"}],"predecessor-version":[{"id":3737,"href":"https:\/\/imkerverein-wilnsdorf.de\/index.php?rest_route=\/wp\/v2\/pages\/3736\/revisions\/3737"}],"up":[{"embeddable":true,"href":"https:\/\/imkerverein-wilnsdorf.de\/index.php?rest_route=\/wp\/v2\/pages\/3729"}],"wp:attachment":[{"href":"https:\/\/imkerverein-wilnsdorf.de\/index.php?rest_route=%2Fwp%2Fv2%2Fmedia&parent=3736"}],"curies":[{"name":"wp","href":"https:\/\/api.w.org\/{rel}","templated":true}]}}