{"id":3731,"date":"2018-12-18T07:57:59","date_gmt":"2018-12-18T07:57:59","guid":{"rendered":"https:\/\/imkerverein.haubenschild.de\/?page_id=3731"},"modified":"2018-12-18T08:01:56","modified_gmt":"2018-12-18T08:01:56","slug":"wie-werde-ich-imker","status":"publish","type":"page","link":"https:\/\/imkerverein-wilnsdorf.de\/?page_id=3731","title":{"rendered":"Wie werde ich Imker"},"content":{"rendered":"\n<p>Vorab sollte man wissen, dass so gut wie keine Vorkenntnisse n\u00f6tig sind um Imker\/in zu werden. Wenn man im Kleinen beginnt und das n\u00f6tige Interesse mit bringt, l\u00e4uft die Bienenhaltung und die Honigproduktion von fast ganz alleine. In der heutigen Zeit kann man es sehr begr\u00fc\u00dfen, dass sich (junge) Menschen mit einem so sehr der Natur verbundenen Hobby auseinander setzen!<\/p>\n\n\n\n<div class=\"wp-block-image\"><figure class=\"alignleft is-resized\"><img decoding=\"async\" loading=\"lazy\" src=\"http:\/\/test.imkerverein-wilnsdorf.de\/wp-content\/uploads\/2018\/12\/DSC00033.jpg\" alt=\"\" class=\"wp-image-3734\" width=\"257\" height=\"384\" srcset=\"https:\/\/imkerverein-wilnsdorf.de\/wp-content\/uploads\/2018\/12\/DSC00033.jpg 514w, https:\/\/imkerverein-wilnsdorf.de\/wp-content\/uploads\/2018\/12\/DSC00033-201x300.jpg 201w, https:\/\/imkerverein-wilnsdorf.de\/wp-content\/uploads\/2018\/12\/DSC00033-33x50.jpg 33w, https:\/\/imkerverein-wilnsdorf.de\/wp-content\/uploads\/2018\/12\/DSC00033-50x75.jpg 50w\" sizes=\"(max-width: 257px) 100vw, 257px\" \/><\/figure><\/div>\n\n\n\n<p>Sehr hilfreich ist dabei die Mitgliedschaft in einem Imkerverein. Dar\u00fcber lernt man neue Leute kennen, es findet ein Erfahrungsaustausch statt und man bleibt immer auf dem Laufenden. Gerade Jungimker k\u00f6nnen \u00fcber den Verein an die ersten Bienenv\u00f6lker und Arbeitsger\u00e4te gelangen. Au\u00dferdem hat man immer einen erfahrenen Ansprechpartner, der einem bei diversen Problemen und Fragen zur Seite steht.&nbsp;Dar\u00fcber hinaus wird man gleichzeitig Mitglied im Deutschen Imkerbund.<\/p>\n\n\n\n<p>Hier eine kleine Auflistung einer\u00a0<a href=\"\/?page_id=3736\">Imker-Grundausr\u00fcstung<\/a>.<\/p>\n\n\n\n<p>Es lohnt sich auf jeden Fall,<br>also viel Spa\u00df beim Imkern und im Verein!<\/p>\n","protected":false},"excerpt":{"rendered":"<p>Vorab sollte man wissen, dass so gut wie keine Vorkenntnisse n\u00f6tig sind um Imker\/in zu werden. Wenn man im Kleinen beginnt und das n\u00f6tige Interesse mit bringt, l\u00e4uft die Bienenhaltung [&hellip;]<\/p>\n<p><a href=\"https:\/\/imkerverein-wilnsdorf.de\/?page_id=3731\" class=\"more-link style1-button\">Weiterlesen<\/a><\/p>\n","protected":false},"author":1,"featured_media":0,"parent":3729,"menu_order":0,"comment_status":"closed","ping_status":"closed","template":"","meta":[],"_links":{"self":[{"href":"https:\/\/imkerverein-wilnsdorf.de\/index.php?rest_route=\/wp\/v2\/pages\/3731"}],"collection":[{"href":"https:\/\/imkerverein-wilnsdorf.de\/index.php?rest_route=\/wp\/v2\/pages"}],"about":[{"href":"https:\/\/imkerverein-wilnsdorf.de\/index.php?rest_route=\/wp\/v2\/types\/page"}],"author":[{"embeddable":true,"href":"https:\/\/imkerverein-wilnsdorf.de\/index.php?rest_route=\/wp\/v2\/users\/1"}],"replies":[{"embeddable":true,"href":"https:\/\/imkerverein-wilnsdorf.de\/index.php?rest_route=%2Fwp%2Fv2%2Fcomments&post=3731"}],"version-history":[{"count":3,"href":"https:\/\/imkerverein-wilnsdorf.de\/index.php?rest_route=\/wp\/v2\/pages\/3731\/revisions"}],"predecessor-version":[{"id":3739,"href":"https:\/\/imkerverein-wilnsdorf.de\/index.php?rest_route=\/wp\/v2\/pages\/3731\/revisions\/3739"}],"up":[{"embeddable":true,"href":"https:\/\/imkerverein-wilnsdorf.de\/index.php?rest_route=\/wp\/v2\/pages\/3729"}],"wp:attachment":[{"href":"https:\/\/imkerverein-wilnsdorf.de\/index.php?rest_route=%2Fwp%2Fv2%2Fmedia&parent=3731"}],"curies":[{"name":"wp","href":"https:\/\/api.w.org\/{rel}","templated":true}]}}