{"id":3701,"date":"2018-12-18T07:34:36","date_gmt":"2018-12-18T07:34:36","guid":{"rendered":"https:\/\/imkerverein.haubenschild.de\/?page_id=3701"},"modified":"2018-12-18T07:45:02","modified_gmt":"2018-12-18T07:45:02","slug":"das-siegerlander-bienen-gesundheits-mobil-big-mobil","status":"publish","type":"page","link":"https:\/\/imkerverein-wilnsdorf.de\/?page_id=3701","title":{"rendered":"Das Siegerl\u00e4nder Bienen-Gesundheits-Mobil (BIG-Mobil)"},"content":{"rendered":"\n<p>Ein \u201eBienen-Gesundheits-Mobil\u201c (BiG-Mobil) f\u00fcr den Kreisimkerverein Siegerland:<\/p>\n\n\n\n<div class=\"wp-block-image\"><figure class=\"aligncenter is-resized\"><img decoding=\"async\" loading=\"lazy\" src=\"http:\/\/test.imkerverein-wilnsdorf.de\/wp-content\/uploads\/2018\/12\/bigmobil1.jpg\" alt=\"\" class=\"wp-image-3706\" width=\"400\" height=\"311\" srcset=\"https:\/\/imkerverein-wilnsdorf.de\/wp-content\/uploads\/2018\/12\/bigmobil1.jpg 799w, https:\/\/imkerverein-wilnsdorf.de\/wp-content\/uploads\/2018\/12\/bigmobil1-300x233.jpg 300w, https:\/\/imkerverein-wilnsdorf.de\/wp-content\/uploads\/2018\/12\/bigmobil1-768x597.jpg 768w, https:\/\/imkerverein-wilnsdorf.de\/wp-content\/uploads\/2018\/12\/bigmobil1-64x50.jpg 64w, https:\/\/imkerverein-wilnsdorf.de\/wp-content\/uploads\/2018\/12\/bigmobil1-650x505.jpg 650w, https:\/\/imkerverein-wilnsdorf.de\/wp-content\/uploads\/2018\/12\/bigmobil1-50x39.jpg 50w\" sizes=\"(max-width: 400px) 100vw, 400px\" \/><\/figure><\/div>\n\n\n\n<p>\u2022 Sind Ihre Bienenv\u00f6lker an der Amerikanischen Faulbrut erkrankt?<br>\u2022 Hat der Veterin\u00e4r die Sanierung und Desinfektion Ihres Bienenstandes angeordnet?<br>\u2022 Wollen Sie Ihren Bienenstand gr\u00fcndlich reinigen, um sich vor Faulbrut zu sch\u00fctzen?<br>\u2022 Fehlt Ihnen hierzu professionelles Ger\u00e4t?<\/p>\n\n\n\n<p>Wir k\u00f6nnen Ihnen Dank Unterst\u00fctzung unseres Kreisimkervereins Siegerland alle notwendigen Ger\u00e4te zur Verf\u00fcgung stellen. Auf einem Anh\u00e4nger haben wir alles zusammengestellt, was zu einer sachgerechten Sanierung und S\u00e4uberung notwendig ist.<\/p>\n\n\n\n<p>F\u00fcr Imker zur Reinigung und Schulung:<\/p>\n\n\n\n<p>Geb\u00fchr: 15 \u20ac je Bienenvolk mind. 90 \u20ac<\/p>\n\n\n\n<p>zuz\u00fcglich Verbrauchsmaterial (z. Bsp. \u00c4tznatron, Handschuhe, Gas)<\/p>\n\n\n\n<p>Zur Tierseuchenbek\u00e4mpfung oder bei Anordnung durch den Veterin\u00e4r:<\/p>\n\n\n\n<p>Geb\u00fchr: 120 \u20ac\/Tag,<\/p>\n\n\n\n<p>zuz\u00fcglich Verbrauchsmaterial (z. Bsp. \u00c4tznatron, Handschuhe, Gas)<\/p>\n\n\n\n<p>Das BiG-Mobil wird in einem sauberen Zustand abgegeben und muss gereinigt zur\u00fcckgegeben werden. Sollte eine Nachreinigung notwendig werden, so erheben wir 50\u20ac je angefangene Stunde.<\/p>\n\n\n\n<div class=\"wp-block-image\"><figure class=\"aligncenter is-resized\"><img decoding=\"async\" loading=\"lazy\" src=\"http:\/\/test.imkerverein-wilnsdorf.de\/wp-content\/uploads\/2018\/12\/08082012159.jpg\" alt=\"\" class=\"wp-image-3708\" width=\"480\" height=\"360\" srcset=\"https:\/\/imkerverein-wilnsdorf.de\/wp-content\/uploads\/2018\/12\/08082012159.jpg 640w, https:\/\/imkerverein-wilnsdorf.de\/wp-content\/uploads\/2018\/12\/08082012159-300x225.jpg 300w, https:\/\/imkerverein-wilnsdorf.de\/wp-content\/uploads\/2018\/12\/08082012159-67x50.jpg 67w, https:\/\/imkerverein-wilnsdorf.de\/wp-content\/uploads\/2018\/12\/08082012159-50x38.jpg 50w\" sizes=\"(max-width: 480px) 100vw, 480px\" \/><\/figure><\/div>\n\n\n\n<p><strong>Ausstattung:<\/strong><\/p>\n\n\n\n<p>\u2022 gro\u00dfer Edelstahl-Waschtopf<br>\u2022 leistungsstarke Gasbrenner<br>\u2022 Hochdruckreiniger<br>\u2022 Dampfwachsschmelzer<br>\u2022 Abflammger\u00e4t<br>\u2022 Fass zum Verbrennen von Material<br>\u2022 Schutzkleidung<br>\u2022 Arbeitsschutz, Verbandskasten, Feuerl\u00f6scher etc.<\/p>\n\n\n\n<p>Wollen Sie mehr wissen? Rufen Sie uns an, wir helfen gern weiter!<\/p>\n\n\n\n<p>Der Anh\u00e4nger ist bienendicht, er darf nur zweckgebunden eingesetzt werden. Auf ihm d\u00fcrfen weder Bienen noch Honig oder andere Stoffe transportiert werden, die Bienen anlocken k\u00f6nnten.<\/p>\n\n\n\n<p>Regelm\u00e4\u00dfige bakteriologische Untersuchungen sichern die Seuchenfreiheit des Ger\u00e4ts.<\/p>\n\n\n\n<p><strong>Kunstschwarmkisten:<\/strong><br>Die neuen Ausf\u00fchrungsbestimmungen der Bienenseuchenverordnung zielen auf den Erhalt der befallenen V\u00f6lker ab. Aus diesem Grunde geh\u00f6ren zum BiG-Mobil Kunstschwarmkisten, die leicht zu reinigen und zu handhaben sind.&nbsp;Bitte den Bedarf angeben.<\/p>\n\n\n\n<p><strong>gro\u00dfer Edelstahl-Waschtopf:<\/strong><br>Dieser gasbetriebene Edelstahl-Waschtopf dient zum Ablaugen von Beuten und anderem imkerlichen Ger\u00e4t. Er verf\u00fcgt \u00fcber einen leistungsstarken Gasbrenner mit Windschutz, so dass in ihm eine 3-5%ige Natronlauge schnell auf die notwendigen 70 \u00b0C aufgeheizt werden kann. Der Waschtopf ist so ausgelegt, dass eine Segeberger Zarge vollst\u00e4ndig untergetaucht werden kann.<\/p>\n\n\n\n<p><strong>Fass zum Verbrennen von Material:<\/strong><br>Alte Ger\u00e4tschaften aus Holz, Strohk\u00f6rbe oder R\u00e4hmchen sollten nicht gereinigt werden. Hier bietet sich die Vernichtung mit Hilfe der Brenntonne an. R\u00e4hmchen zu desinfizieren ist arbeitsaufw\u00e4ndig, die Neubeschaffung ist letztlich die preiswertere Variante.<\/p>\n\n\n\n<p><strong>Abflammger\u00e4t:<\/strong><br>Holzbeuten, die man erhalten will sollten nach gr\u00fcndlicher mechanischer Reinigung entweder abgelaugt oder mit einem leistungsstarken Abflammger\u00e4t ausgebrannt werden.<\/p>\n\n\n\n<p><strong>Hochdruckreiniger:<\/strong><br>Bei dem Hochdruckreiniger handelt es sich um ein professionelles Ger\u00e4t, welches auch ohne Wasseranschluss betrieben werden kann, da es selbstansaugend ist.<\/p>\n\n\n\n<p><strong>Dampfwachsschmelzer:<\/strong><br>Er gibt dem Imker die M\u00f6glichkeit, sein Wachs vor dem Verbrennen zu bewahren und an einen wachsverarbeitenden Betrieb zu verkaufen.<\/p>\n\n\n\n<p>Dies gilt vor allem f\u00fcr Honig- und Vorratswaben, nicht f\u00fcr Waben mit Brut.<br>Auch dieses Ger\u00e4t ist mit einem leistungsstarken Gasbrenner und Windschutz ausgestattet.<\/p>\n\n\n\n<p><strong>Arbeitsschutz:<\/strong><br>F\u00fcr zwei Hilfskr\u00e4fte stehen Schutzanz\u00fcge mit Gesichtsschutz und Gummihandschuhe zur Verf\u00fcgung.&nbsp;Der Arbeitsschutz wird durch einen Verbandskasten und einen Feuerl\u00f6scher vervollst\u00e4ndigt.<\/p>\n\n\n\n<p><strong>Imkerliche Spezialausr\u00fcstung und Werkzeug:<\/strong><br>Hilfspersonal sollte am Seuchenstand nicht eigene Schutzanz\u00fcge und eigenes Ger\u00e4t benutzen, um eine Verschleppung der Seuche zu verhindern.<\/p>\n\n\n\n<p><strong>Kleinger\u00e4t:<\/strong><br>Ferner ist das BiG-Mobil mit notwendigen Utensilien und Kleinger\u00e4ten ausgestattet:<br>von der Waschb\u00fcrste \u00fcber Putzmittel, Spachtel und Feuerzeug bis hin zu M\u00fcllbeuteln.<\/p>\n\n\n\n<p>F\u00fcr alle Ger\u00e4te liegt eine Gebrauchsanweisung bei.<\/p>\n\n\n\n<p>Das BiG-Mobil k\u00f6nnen Sie beim Kreisimkerverein Siegerland, 2. Vorsitzenden Thomas Klein ausleihen.<\/p>\n\n\n\n<p>Geb\u00fchr f\u00fcr Selbstabholer: 15,00 \u20ac je Bienenvolk, mindestens 90,00 \u20ac<\/p>\n\n\n\n<p>Bestimmungen zur Ausleihe:\u00a0<a href=\"\/wp-content\/uploads\/2018\/12\/BIG-Mobil_Bestimmungen.pdf\" target=\"_blank\" rel=\"noreferrer noopener\" aria-label=\"Bestimmungen zur Ausleihe:\u00a0BIG-Mobil_Bestimmungen (opens in a new tab)\">BIG-Mobil_Bestimmungen<\/a><\/p>\n\n\n\n<p>Wollen Sie mehr wissen? Rufen Sie uns an, wir helfen gern weiter!<\/p>\n\n\n\n<p>N\u00e4heres unter:\u00a0<a href=\"https:\/\/imkerverein-ferndorf.de\/BIGMobil\" target=\"_blank\" rel=\"noreferrer noopener\" aria-label=\"N\u00e4heres unter:\u00a0https:\/\/imkerverein-ferndorf.de\/BIGMobil (opens in a new tab)\">https:\/\/imkerverein-ferndorf.de\/BIGMobil<\/a><\/p>\n","protected":false},"excerpt":{"rendered":"<p>Ein \u201eBienen-Gesundheits-Mobil\u201c (BiG-Mobil) f\u00fcr den Kreisimkerverein Siegerland: \u2022 Sind Ihre Bienenv\u00f6lker an der Amerikanischen Faulbrut erkrankt?\u2022 Hat der Veterin\u00e4r die Sanierung und Desinfektion Ihres Bienenstandes angeordnet?\u2022 Wollen Sie Ihren Bienenstand [&hellip;]<\/p>\n<p><a href=\"https:\/\/imkerverein-wilnsdorf.de\/?page_id=3701\" class=\"more-link style1-button\">Weiterlesen<\/a><\/p>\n","protected":false},"author":1,"featured_media":0,"parent":3703,"menu_order":0,"comment_status":"closed","ping_status":"closed","template":"","meta":[],"_links":{"self":[{"href":"https:\/\/imkerverein-wilnsdorf.de\/index.php?rest_route=\/wp\/v2\/pages\/3701"}],"collection":[{"href":"https:\/\/imkerverein-wilnsdorf.de\/index.php?rest_route=\/wp\/v2\/pages"}],"about":[{"href":"https:\/\/imkerverein-wilnsdorf.de\/index.php?rest_route=\/wp\/v2\/types\/page"}],"author":[{"embeddable":true,"href":"https:\/\/imkerverein-wilnsdorf.de\/index.php?rest_route=\/wp\/v2\/users\/1"}],"replies":[{"embeddable":true,"href":"https:\/\/imkerverein-wilnsdorf.de\/index.php?rest_route=%2Fwp%2Fv2%2Fcomments&post=3701"}],"version-history":[{"count":7,"href":"https:\/\/imkerverein-wilnsdorf.de\/index.php?rest_route=\/wp\/v2\/pages\/3701\/revisions"}],"predecessor-version":[{"id":3718,"href":"https:\/\/imkerverein-wilnsdorf.de\/index.php?rest_route=\/wp\/v2\/pages\/3701\/revisions\/3718"}],"up":[{"embeddable":true,"href":"https:\/\/imkerverein-wilnsdorf.de\/index.php?rest_route=\/wp\/v2\/pages\/3703"}],"wp:attachment":[{"href":"https:\/\/imkerverein-wilnsdorf.de\/index.php?rest_route=%2Fwp%2Fv2%2Fmedia&parent=3701"}],"curies":[{"name":"wp","href":"https:\/\/api.w.org\/{rel}","templated":true}]}}