{"id":3655,"date":"2018-12-16T07:27:10","date_gmt":"2018-12-16T07:27:10","guid":{"rendered":"https:\/\/imkerverein.haubenschild.de\/?page_id=3655"},"modified":"2018-12-19T15:05:51","modified_gmt":"2018-12-19T14:05:51","slug":"mitglied-werden","status":"publish","type":"page","link":"https:\/\/imkerverein-wilnsdorf.de\/?page_id=3655","title":{"rendered":"Mitglied werden"},"content":{"rendered":"\n<p>Um Mitglied in unserem Verein zu werden, braucht es nicht sehr viel.<\/p>\n\n\n\n<p>Das Wichtigste wird eine geh\u00f6rige Portion Interesse an der Bienenhaltung, \u00f6kologischen Zusammenh\u00e4ngen und der Natur an sich sein. Bereitschaft zum Erkennen der nat\u00fcrlichen Zusammenh\u00e4nge und Biologie im theoretischen und praktischen Teil sind unerl\u00e4sslich. Dazu geh\u00f6ren dann noch Respekt und Achtung vor Natur und Lebewesen sowie der entsprechende Umgang mit Bienen und Umwelt.<\/p>\n\n\n\n<p>Alles andere ist erlernbar. Jeder Neuimker oder Interessent wird bei uns die M\u00f6glichkeit bekommen, in Form einer Gastmitgliedschaft ein vollst\u00e4ndiges Bienenjahr unter fachkundiger Anleitung mit zu erleben. Wir haben dazu in Anzhausen einen Lehrbienenstand. An diesem k\u00f6nnen dann Jung-Imker unter Anleitung von erfahrenen Vereinsmitgliedern das Imkern erlernen. Stichfestigkeit ist nicht mehr Bedingung, seit es entsprechende Schutzkleidung gibt.<\/p>\n\n\n\n<p>Wer also interessiert ist, meldet sich einfach telefonisch bei einem unserer Vorstandsmitglieder, schreibt uns eine\u00a0<a href=\"\/?page_id=3926\">Email<\/a>\u00a0oder besucht uns einfach mit oder auch ohne Anmeldung zur einer unserer monatlichen Versammlungen.<\/p>\n\n\n\n<p><a href=\"\/wp-content\/uploads\/2018\/12\/2018-06-01-Beitrittserkla\u0308rung-ab-01.06.2018-neu-IV-Wilnsdorf.pdf\" target=\"_blank\" rel=\"noreferrer noopener\" aria-label=\"Beitrittserkl\u00e4rung zum Download (opens in a new tab)\">Beitrittserkl\u00e4rung zum Download<\/a><\/p>\n","protected":false},"excerpt":{"rendered":"<p>Um Mitglied in unserem Verein zu werden, braucht es nicht sehr viel. Das Wichtigste wird eine geh\u00f6rige Portion Interesse an der Bienenhaltung, \u00f6kologischen Zusammenh\u00e4ngen und der Natur an sich sein. [&hellip;]<\/p>\n<p><a href=\"https:\/\/imkerverein-wilnsdorf.de\/?page_id=3655\" class=\"more-link style1-button\">Weiterlesen<\/a><\/p>\n","protected":false},"author":1,"featured_media":0,"parent":3643,"menu_order":0,"comment_status":"closed","ping_status":"closed","template":"","meta":[],"_links":{"self":[{"href":"https:\/\/imkerverein-wilnsdorf.de\/index.php?rest_route=\/wp\/v2\/pages\/3655"}],"collection":[{"href":"https:\/\/imkerverein-wilnsdorf.de\/index.php?rest_route=\/wp\/v2\/pages"}],"about":[{"href":"https:\/\/imkerverein-wilnsdorf.de\/index.php?rest_route=\/wp\/v2\/types\/page"}],"author":[{"embeddable":true,"href":"https:\/\/imkerverein-wilnsdorf.de\/index.php?rest_route=\/wp\/v2\/users\/1"}],"replies":[{"embeddable":true,"href":"https:\/\/imkerverein-wilnsdorf.de\/index.php?rest_route=%2Fwp%2Fv2%2Fcomments&post=3655"}],"version-history":[{"count":2,"href":"https:\/\/imkerverein-wilnsdorf.de\/index.php?rest_route=\/wp\/v2\/pages\/3655\/revisions"}],"predecessor-version":[{"id":3934,"href":"https:\/\/imkerverein-wilnsdorf.de\/index.php?rest_route=\/wp\/v2\/pages\/3655\/revisions\/3934"}],"up":[{"embeddable":true,"href":"https:\/\/imkerverein-wilnsdorf.de\/index.php?rest_route=\/wp\/v2\/pages\/3643"}],"wp:attachment":[{"href":"https:\/\/imkerverein-wilnsdorf.de\/index.php?rest_route=%2Fwp%2Fv2%2Fmedia&parent=3655"}],"curies":[{"name":"wp","href":"https:\/\/api.w.org\/{rel}","templated":true}]}}